{"id":4091,"date":"2021-05-28T09:53:26","date_gmt":"2021-05-28T14:53:26","guid":{"rendered":"https:\/\/cincuentenario.com\/ford\/?page_id=4091"},"modified":"2023-04-25T11:35:12","modified_gmt":"2023-04-25T16:35:12","slug":"terminos-y-condiciones","status":"publish","type":"page","link":"https:\/\/cincuentenario.com\/ford\/terminos-y-condiciones\/","title":{"rendered":"terminos y condiciones"},"content":{"rendered":"<div class=\"fusion-fullwidth fullwidth-box fusion-builder-row-1 fusion-flex-container nonhundred-percent-fullwidth non-hundred-percent-height-scrolling\" style=\"--awb-border-radius-top-left:0px;--awb-border-radius-top-right:0px;--awb-border-radius-bottom-right:0px;--awb-border-radius-bottom-left:0px;--awb-flex-wrap:wrap;\" ><div class=\"fusion-builder-row fusion-row fusion-flex-align-items-flex-start fusion-flex-content-wrap\" style=\"max-width:1476.8px;margin-left: calc(-4% \/ 2 );margin-right: calc(-4% \/ 2 );\"><div class=\"fusion-layout-column fusion_builder_column fusion-builder-column-0 fusion_builder_column_1_1 1_1 fusion-flex-column\" style=\"--awb-bg-size:cover;--awb-width-large:100%;--awb-margin-top-large:20px;--awb-spacing-right-large:1.92%;--awb-margin-bottom-large:20px;--awb-spacing-left-large:1.92%;--awb-width-medium:100%;--awb-order-medium:0;--awb-spacing-right-medium:1.92%;--awb-spacing-left-medium:1.92%;--awb-width-small:100%;--awb-order-small:0;--awb-spacing-right-small:1.92%;--awb-spacing-left-small:1.92%;\"><div class=\"fusion-column-wrapper fusion-column-has-shadow fusion-flex-justify-content-flex-start fusion-content-layout-column\"><div class=\"fusion-title title fusion-title-1 fusion-sep-none fusion-title-text fusion-title-size-one\"><h1 class=\"fusion-title-heading title-heading-left\" style=\"margin:0;\">T\u00c9RMINOS Y CONDICIONES<\/h1><\/div><div class=\"fusion-title title fusion-title-2 fusion-sep-none fusion-title-text fusion-title-size-two\"><h2 class=\"fusion-title-heading title-heading-left\" style=\"margin:0;\">Pol\u00edticas de Cookies<\/h2><\/div><div class=\"fusion-text fusion-text-1\"><p style=\"text-align: left;\"><strong>Ford Cincuentenario<\/strong> puede usar \u00abcookies\u00bb en este sitio para rastrear preferencias de usuarios y alcanzar un mejor performance y una navegaci\u00f3n m\u00e1s \u00e1gil. Tambi\u00e9n podr\u00e1n ser utilizadas para realizar en el futuro campa\u00f1as digitales que nos permitan informar a nuestros clientes sobre nuevos productos, promociones y\/o distintos servicios. Las cookies permiten adaptar el contenido de nuestras p\u00e1ginas a necesidades espec\u00edficas adem\u00e1s de mejorar el servicio que ofrecemos. Las cookies tambi\u00e9n pueden ser usadas para determinar los tipos de dispositivos desde los cuales ingresan los usuarios. Si desea impedir el uso de \u00abcookies\u00bb al navegar en nuestro sitio puede ingresar a <a href=\"https:\/\/www.aboutcookies.org\">www.aboutcookies.org<\/a>, donde encontrar\u00e1 informaci\u00f3n detallada de c\u00f3mo hacerlo.<br \/>\nAdicional respetando la privacidad de nuestros clientes certificamos que el uso de la base de datos generada por Meta y otras plataformas son de uso exclusivo de la marca. No hacemos venta ni distribuci\u00f3n de la informaci\u00f3n proporcionada por aquellas personas que desean ser atendidos por nosotros.<\/p>\n<\/div><\/div><\/div><\/div><\/div>\n","protected":false},"excerpt":{"rendered":"","protected":false},"author":1,"featured_media":0,"parent":0,"menu_order":0,"comment_status":"closed","ping_status":"closed","template":"","meta":{"_joinchat":[],"footnotes":""},"class_list":["post-4091","page","type-page","status-publish","hentry"],"yoast_head":"<!-- This site is optimized with the Yoast SEO plugin v25.6 - https:\/\/yoast.com\/wordpress\/plugins\/seo\/ -->\n<title>terminos y condiciones - Ford Cincuentenario Panam\u00e1<\/title>\n<meta name=\"robots\" content=\"index, follow, max-snippet:-1, max-image-preview:large, max-video-preview:-1\" \/>\n<link rel=\"canonical\" href=\"https:\/\/cincuentenario.com\/ford\/terminos-y-condiciones\/\" \/>\n<meta property=\"og:locale\" content=\"es_ES\" \/>\n<meta property=\"og:type\" content=\"article\" \/>\n<meta property=\"og:title\" content=\"terminos y condiciones - Ford Cincuentenario Panam\u00e1\" \/>\n<meta property=\"og:url\" content=\"https:\/\/cincuentenario.com\/ford\/terminos-y-condiciones\/\" \/>\n<meta property=\"og:site_name\" content=\"Ford Cincuentenario Panam\u00e1\" \/>\n<meta property=\"article:publisher\" content=\"https:\/\/www.facebook.com\/cincuentenariopanama\/\" \/>\n<meta property=\"article:modified_time\" content=\"2023-04-25T16:35:12+00:00\" \/>\n<meta name=\"twitter:card\" content=\"summary_large_image\" \/>\n<meta name=\"twitter:site\" content=\"@cincuentenario_\" \/>\n<meta name=\"twitter:label1\" content=\"Tiempo de lectura\" \/>\n\t<meta name=\"twitter:data1\" content=\"6 minutos\" \/>\n<script type=\"application\/ld+json\" class=\"yoast-schema-graph\">{\"@context\":\"https:\/\/schema.org\",\"@graph\":[{\"@type\":\"WebPage\",\"@id\":\"https:\/\/cincuentenario.com\/ford\/terminos-y-condiciones\/\",\"url\":\"https:\/\/cincuentenario.com\/ford\/terminos-y-condiciones\/\",\"name\":\"terminos y condiciones - Ford Cincuentenario Panam\u00e1\",\"isPartOf\":{\"@id\":\"https:\/\/cincuentenario.com\/ford\/#website\"},\"datePublished\":\"2021-05-28T14:53:26+00:00\",\"dateModified\":\"2023-04-25T16:35:12+00:00\",\"breadcrumb\":{\"@id\":\"https:\/\/cincuentenario.com\/ford\/terminos-y-condiciones\/#breadcrumb\"},\"inLanguage\":\"es\",\"potentialAction\":[{\"@type\":\"ReadAction\",\"target\":[\"https:\/\/cincuentenario.com\/ford\/terminos-y-condiciones\/\"]}]},{\"@type\":\"BreadcrumbList\",\"@id\":\"https:\/\/cincuentenario.com\/ford\/terminos-y-condiciones\/#breadcrumb\",\"itemListElement\":[{\"@type\":\"ListItem\",\"position\":1,\"name\":\"Home\",\"item\":\"https:\/\/cincuentenario.com\/ford\/\"},{\"@type\":\"ListItem\",\"position\":2,\"name\":\"terminos y condiciones\"}]},{\"@type\":\"WebSite\",\"@id\":\"https:\/\/cincuentenario.com\/ford\/#website\",\"url\":\"https:\/\/cincuentenario.com\/ford\/\",\"name\":\"Ford Cincuentenario Panam\u00e1\",\"description\":\"\",\"publisher\":{\"@id\":\"https:\/\/cincuentenario.com\/ford\/#organization\"},\"potentialAction\":[{\"@type\":\"SearchAction\",\"target\":{\"@type\":\"EntryPoint\",\"urlTemplate\":\"https:\/\/cincuentenario.com\/ford\/?s={search_term_string}\"},\"query-input\":{\"@type\":\"PropertyValueSpecification\",\"valueRequired\":true,\"valueName\":\"search_term_string\"}}],\"inLanguage\":\"es\"},{\"@type\":\"Organization\",\"@id\":\"https:\/\/cincuentenario.com\/ford\/#organization\",\"name\":\"Ford Cincuentenario Panam\u00e1\",\"url\":\"https:\/\/cincuentenario.com\/ford\/\",\"logo\":{\"@type\":\"ImageObject\",\"inLanguage\":\"es\",\"@id\":\"https:\/\/cincuentenario.com\/ford\/#\/schema\/logo\/image\/\",\"url\":\"https:\/\/cincuentenario.com\/ford\/wp-content\/uploads\/sites\/2\/2019\/10\/logo-400-Ford50.png\",\"contentUrl\":\"https:\/\/cincuentenario.com\/ford\/wp-content\/uploads\/sites\/2\/2019\/10\/logo-400-Ford50.png\",\"width\":400,\"height\":100,\"caption\":\"Ford Cincuentenario Panam\u00e1\"},\"image\":{\"@id\":\"https:\/\/cincuentenario.com\/ford\/#\/schema\/logo\/image\/\"},\"sameAs\":[\"https:\/\/www.facebook.com\/cincuentenariopanama\/\",\"https:\/\/x.com\/cincuentenario_\"]}]}<\/script>\n<!-- \/ Yoast SEO plugin. -->","yoast_head_json":{"title":"terminos y condiciones - Ford Cincuentenario Panam\u00e1","robots":{"index":"index","follow":"follow","max-snippet":"max-snippet:-1","max-image-preview":"max-image-preview:large","max-video-preview":"max-video-preview:-1"},"canonical":"https:\/\/cincuentenario.com\/ford\/terminos-y-condiciones\/","og_locale":"es_ES","og_type":"article","og_title":"terminos y condiciones - Ford Cincuentenario Panam\u00e1","og_url":"https:\/\/cincuentenario.com\/ford\/terminos-y-condiciones\/","og_site_name":"Ford Cincuentenario Panam\u00e1","article_publisher":"https:\/\/www.facebook.com\/cincuentenariopanama\/","article_modified_time":"2023-04-25T16:35:12+00:00","twitter_card":"summary_large_image","twitter_site":"@cincuentenario_","twitter_misc":{"Tiempo de lectura":"6 minutos"},"schema":{"@context":"https:\/\/schema.org","@graph":[{"@type":"WebPage","@id":"https:\/\/cincuentenario.com\/ford\/terminos-y-condiciones\/","url":"https:\/\/cincuentenario.com\/ford\/terminos-y-condiciones\/","name":"terminos y condiciones - Ford Cincuentenario Panam\u00e1","isPartOf":{"@id":"https:\/\/cincuentenario.com\/ford\/#website"},"datePublished":"2021-05-28T14:53:26+00:00","dateModified":"2023-04-25T16:35:12+00:00","breadcrumb":{"@id":"https:\/\/cincuentenario.com\/ford\/terminos-y-condiciones\/#breadcrumb"},"inLanguage":"es","potentialAction":[{"@type":"ReadAction","target":["https:\/\/cincuentenario.com\/ford\/terminos-y-condiciones\/"]}]},{"@type":"BreadcrumbList","@id":"https:\/\/cincuentenario.com\/ford\/terminos-y-condiciones\/#breadcrumb","itemListElement":[{"@type":"ListItem","position":1,"name":"Home","item":"https:\/\/cincuentenario.com\/ford\/"},{"@type":"ListItem","position":2,"name":"terminos y condiciones"}]},{"@type":"WebSite","@id":"https:\/\/cincuentenario.com\/ford\/#website","url":"https:\/\/cincuentenario.com\/ford\/","name":"Ford Cincuentenario Panam\u00e1","description":"","publisher":{"@id":"https:\/\/cincuentenario.com\/ford\/#organization"},"potentialAction":[{"@type":"SearchAction","target":{"@type":"EntryPoint","urlTemplate":"https:\/\/cincuentenario.com\/ford\/?s={search_term_string}"},"query-input":{"@type":"PropertyValueSpecification","valueRequired":true,"valueName":"search_term_string"}}],"inLanguage":"es"},{"@type":"Organization","@id":"https:\/\/cincuentenario.com\/ford\/#organization","name":"Ford Cincuentenario Panam\u00e1","url":"https:\/\/cincuentenario.com\/ford\/","logo":{"@type":"ImageObject","inLanguage":"es","@id":"https:\/\/cincuentenario.com\/ford\/#\/schema\/logo\/image\/","url":"https:\/\/cincuentenario.com\/ford\/wp-content\/uploads\/sites\/2\/2019\/10\/logo-400-Ford50.png","contentUrl":"https:\/\/cincuentenario.com\/ford\/wp-content\/uploads\/sites\/2\/2019\/10\/logo-400-Ford50.png","width":400,"height":100,"caption":"Ford Cincuentenario Panam\u00e1"},"image":{"@id":"https:\/\/cincuentenario.com\/ford\/#\/schema\/logo\/image\/"},"sameAs":["https:\/\/www.facebook.com\/cincuentenariopanama\/","https:\/\/x.com\/cincuentenario_"]}]}},"jetpack_sharing_enabled":true,"_links":{"self":[{"href":"https:\/\/cincuentenario.com\/ford\/wp-json\/wp\/v2\/pages\/4091","targetHints":{"allow":["GET"]}}],"collection":[{"href":"https:\/\/cincuentenario.com\/ford\/wp-json\/wp\/v2\/pages"}],"about":[{"href":"https:\/\/cincuentenario.com\/ford\/wp-json\/wp\/v2\/types\/page"}],"author":[{"embeddable":true,"href":"https:\/\/cincuentenario.com\/ford\/wp-json\/wp\/v2\/users\/1"}],"replies":[{"embeddable":true,"href":"https:\/\/cincuentenario.com\/ford\/wp-json\/wp\/v2\/comments?post=4091"}],"version-history":[{"count":0,"href":"https:\/\/cincuentenario.com\/ford\/wp-json\/wp\/v2\/pages\/4091\/revisions"}],"wp:attachment":[{"href":"https:\/\/cincuentenario.com\/ford\/wp-json\/wp\/v2\/media?parent=4091"}],"curies":[{"name":"wp","href":"https:\/\/api.w.org\/{rel}","templated":true}]}}