{"id":20,"date":"2018-07-05T16:09:22","date_gmt":"2018-07-05T16:09:22","guid":{"rendered":"http:\/\/www.lincoln.com.pa\/?page_id=20"},"modified":"2025-01-15T20:03:56","modified_gmt":"2025-01-15T20:03:56","slug":"contacto","status":"publish","type":"page","link":"https:\/\/cincuentenario.com\/lincoln\/contacto\/","title":{"rendered":"Contacto"},"content":{"rendered":"<p><div class=\"fusion-fullwidth fullwidth-box fusion-builder-row-1 trama-bgn-pos hundred-percent-fullwidth non-hundred-percent-height-scrolling\" style=\"--awb-border-radius-top-left:0px;--awb-border-radius-top-right:0px;--awb-border-radius-bottom-right:0px;--awb-border-radius-bottom-left:0px;--awb-background-color:#b65f07;--awb-flex-wrap:wrap;\" ><div class=\"fusion-builder-row fusion-row\"><div class=\"fusion-layout-column fusion_builder_column fusion-builder-column-0 fusion_builder_column_1_1 1_1 fusion-one-full fusion-column-first fusion-column-last\" style=\"--awb-padding-left:5%;--awb-bg-image:url(&#039;https:\/\/www.lincoln.com.pa\/wp-content\/uploads\/2019\/01\/trama-lincoln.png&#039;);--awb-bg-position:center top;--awb-bg-size:cover;\"><div class=\"fusion-column-wrapper fusion-flex-column-wrapper-legacy fusion-column-has-bg-image\" data-bg-url=\"https:\/\/www.lincoln.com.pa\/wp-content\/uploads\/2019\/01\/trama-lincoln.png\"><div class=\"fusion-text fusion-text-1\"><h1 class=\"text-padding\" style=\"font-family: 'Proxima Nova'; font-size: 1.5rem; text-align: left; color: white;\"><strong>CONTACTO<\/strong><\/h1>\n<\/div><div class=\"fusion-clearfix\"><\/div><\/div><\/div><\/div><\/div><div class=\"fusion-fullwidth fullwidth-box fusion-builder-row-2 nonhundred-percent-fullwidth non-hundred-percent-height-scrolling\" style=\"--awb-border-radius-top-left:0px;--awb-border-radius-top-right:0px;--awb-border-radius-bottom-right:0px;--awb-border-radius-bottom-left:0px;--awb-padding-top:5%;--awb-padding-right:5%;--awb-padding-bottom:5%;--awb-padding-left:5%;--awb-flex-wrap:wrap;\" ><div class=\"fusion-builder-row fusion-row\"><div class=\"fusion-layout-column fusion_builder_column fusion-builder-column-1 fusion_builder_column_1_1 1_1 fusion-one-full fusion-column-first fusion-column-last\" style=\"--awb-bg-size:cover;\"><div class=\"fusion-column-wrapper fusion-flex-column-wrapper-legacy\"><div class=\"fusion-text fusion-text-2\"><h1 style=\"text-align: center; color: #4f4c43; margin-top: 0;\">\u00bfEn qu\u00e9 podemos ayudarte?<\/h1>\n<p style=\"text-align: center; margin-bottom: 0;\">Si tienes preguntas o inquietudes, ll\u00e1manos, env\u00edanos un correo electr\u00f3nico<br \/>\no vis\u00edtanos en la sucursal de tu preferencia, gustosamente te responderemos cualquier inquietud.<\/p>\n<\/div><div class=\"fusion-clearfix\"><\/div><\/div><\/div><\/div><\/div><div class=\"fusion-fullwidth fullwidth-box fusion-builder-row-3 nonhundred-percent-fullwidth non-hundred-percent-height-scrolling\" style=\"--awb-border-radius-top-left:0px;--awb-border-radius-top-right:0px;--awb-border-radius-bottom-right:0px;--awb-border-radius-bottom-left:0px;--awb-padding-top:5%;--awb-padding-right:20%;--awb-padding-bottom:5%;--awb-padding-left:20%;--awb-background-color:#f1f1f1;--awb-flex-wrap:wrap;\" ><div class=\"fusion-builder-row fusion-row\"><div class=\"fusion-layout-column fusion_builder_column fusion-builder-column-2 fusion_builder_column_1_1 1_1 fusion-one-full fusion-column-first fusion-column-last\" style=\"--awb-bg-size:cover;\"><div class=\"fusion-column-wrapper fusion-flex-column-wrapper-legacy\"><div class=\"fusion-text fusion-text-3\"><h1 style=\"text-align: center; color: #4f4c43; margin: 0;\">Escr\u00edbenos<\/h1>\n<\/div>\n<div class=\"wpcf7 no-js\" id=\"wpcf7-f1829-o1\" lang=\"es-ES\" dir=\"ltr\" data-wpcf7-id=\"1829\">\n<div class=\"screen-reader-response\"><p role=\"status\" aria-live=\"polite\" aria-atomic=\"true\"><\/p> <ul><\/ul><\/div>\n<form action=\"\/lincoln\/wp-json\/wp\/v2\/pages\/20#wpcf7-f1829-o1\" method=\"post\" class=\"wpcf7-form init\" aria-label=\"Formulario de contacto\" novalidate=\"novalidate\" data-status=\"init\">\n<fieldset class=\"hidden-fields-container\"><input type=\"hidden\" name=\"_wpcf7\" value=\"1829\" \/><input type=\"hidden\" name=\"_wpcf7_version\" value=\"6.1\" \/><input type=\"hidden\" name=\"_wpcf7_locale\" value=\"es_ES\" \/><input type=\"hidden\" name=\"_wpcf7_unit_tag\" value=\"wpcf7-f1829-o1\" \/><input type=\"hidden\" name=\"_wpcf7_container_post\" value=\"0\" \/><input type=\"hidden\" name=\"_wpcf7_posted_data_hash\" value=\"\" \/><input type=\"hidden\" name=\"_wpcf7_recaptcha_response\" value=\"\" \/>\n<\/fieldset>\n<p><label> Nombre<br \/>\n<span class=\"wpcf7-form-control-wrap\" data-name=\"your-name\"><input size=\"40\" maxlength=\"400\" class=\"wpcf7-form-control wpcf7-text wpcf7-validates-as-required\" aria-required=\"true\" aria-invalid=\"false\" value=\"\" type=\"text\" name=\"your-name\" \/><\/span> <\/label>\n<\/p>\n<p><label> Tel\u00e9fono<br \/>\n<span class=\"wpcf7-form-control-wrap\" data-name=\"your-tel\"><input size=\"40\" maxlength=\"400\" class=\"wpcf7-form-control wpcf7-tel wpcf7-validates-as-required wpcf7-text wpcf7-validates-as-tel\" aria-required=\"true\" aria-invalid=\"false\" value=\"\" type=\"tel\" name=\"your-tel\" \/><\/span> <\/label>\n<\/p>\n<p><label> Correo Electr\u00f3nico<br \/>\n<span class=\"wpcf7-form-control-wrap\" data-name=\"your-email\"><input size=\"40\" maxlength=\"400\" class=\"wpcf7-form-control wpcf7-email wpcf7-validates-as-required wpcf7-text wpcf7-validates-as-email\" aria-required=\"true\" aria-invalid=\"false\" value=\"\" type=\"email\" name=\"your-email\" \/><\/span> <\/label>\n<\/p>\n<p><label> Mensaje<br \/>\n<span class=\"wpcf7-form-control-wrap\" data-name=\"your-message\"><textarea cols=\"40\" rows=\"10\" maxlength=\"2000\" class=\"wpcf7-form-control wpcf7-textarea\" aria-invalid=\"false\" name=\"your-message\"><\/textarea><\/span> <\/label>\n<\/p>\n<p><input class=\"wpcf7-form-control wpcf7-submit has-spinner\" type=\"submit\" value=\"Enviar\" \/>\n<\/p><div class=\"fusion-alert alert custom alert-custom fusion-alert-center wpcf7-response-output fusion-alert-capitalize awb-alert-native-link-color alert-dismissable awb-alert-close-boxed\" style=\"--awb-border-top-left-radius:0px;--awb-border-top-right-radius:0px;--awb-border-bottom-left-radius:0px;--awb-border-bottom-right-radius:0px;\" role=\"alert\"><div class=\"fusion-alert-content-wrapper\"><span class=\"fusion-alert-content\"><\/span><\/div><button type=\"button\" class=\"close toggle-alert\" data-dismiss=\"alert\" aria-label=\"Close\">&times;<\/button><\/div>\n<\/form>\n<\/div>\n<div class=\"fusion-clearfix\"><\/div><\/div><\/div><\/div><\/div><div class=\"fusion-fullwidth fullwidth-box fusion-builder-row-4 mapa hundred-percent-fullwidth non-hundred-percent-height-scrolling\" style=\"--awb-border-radius-top-left:0px;--awb-border-radius-top-right:0px;--awb-border-radius-bottom-right:0px;--awb-border-radius-bottom-left:0px;--awb-padding-top:5%;--awb-padding-right:5%;--awb-padding-bottom:5%;--awb-padding-left:5%;--awb-flex-wrap:wrap;\" ><div class=\"fusion-builder-row fusion-row\"><div class=\"fusion-layout-column fusion_builder_column fusion-builder-column-3 fusion_builder_column_1_1 1_1 fusion-one-full fusion-column-first fusion-column-last\" style=\"--awb-bg-size:cover;\"><div class=\"fusion-column-wrapper fusion-flex-column-wrapper-legacy\"><div class=\"fusion-text fusion-text-4\"><h1 style=\"text-align: center; color: #4f4c43; margin-top: 0;\">Vis\u00edtanos<\/h1>\n<\/div><div class=\"fusion-clearfix\"><\/div><\/div><\/div><div class=\"fusion-layout-column fusion_builder_column fusion-builder-column-4 fusion_builder_column_1_1 1_1 fusion-one-full fusion-column-first fusion-column-last mapa\" style=\"--awb-bg-size:cover;\"><div class=\"fusion-column-wrapper fusion-flex-column-wrapper-legacy\"><div class=\"fusion-text fusion-text-5\"><h5 style=\"color: #333333; font-size: 1.2rem; margin: 0px; text-align: center;\"><strong>Sucursal Costa del Este<\/strong><\/h5>\n<p style=\"font-size: 1rem; text-align: center;\">Calle 3ra con avenida B. Costa del Este, Panam\u00e1. Tlf.: +507 270 0101<\/p>\n<\/div><iframe data-src=\"https:\/\/www.google.com\/maps\/embed?pb=!1m14!1m8!1m3!1d2375.631299607197!2d-79.4790905!3d9.0114705!3m2!1i1024!2i768!4f13.1!3m3!1m2!1s0x8faca90eb6d62539%3A0x18ba67c2c70cea07!2sFord%20%7C%20Costa%20del%20Este!5e1!3m2!1ses-419!2spa!4v1736971402946!5m2!1ses-419!2spa\" width=\"600\" height=\"450\" style=\"border:0;\" allowfullscreen=\"\" referrerpolicy=\"no-referrer-when-downgrade\" src=\"data:image\/svg+xml;base64,PHN2ZyB3aWR0aD0iMSIgaGVpZ2h0PSIxIiB4bWxucz0iaHR0cDovL3d3dy53My5vcmcvMjAwMC9zdmciPjwvc3ZnPg==\" class=\"lazyload\" data-load-mode=\"1\"><\/iframe><div class=\"fusion-clearfix\"><\/div><\/div><\/div><\/div><\/div><div class=\"fusion-fullwidth fullwidth-box fusion-builder-row-5 trama-bgn-pos hundred-percent-fullwidth non-hundred-percent-height-scrolling\" style=\"--awb-border-radius-top-left:0px;--awb-border-radius-top-right:0px;--awb-border-radius-bottom-right:0px;--awb-border-radius-bottom-left:0px;--awb-background-color:#b65f07;--awb-flex-wrap:wrap;\" ><div class=\"fusion-builder-row fusion-row\"><div class=\"fusion-layout-column fusion_builder_column fusion-builder-column-5 fusion_builder_column_1_1 1_1 fusion-one-full fusion-column-first fusion-column-last\" style=\"--awb-bg-image:url(&#039;https:\/\/www.lincoln.com.pa\/wp-content\/uploads\/2019\/01\/trama-lincoln.png&#039;);--awb-bg-position:center top;--awb-bg-size:cover;\"><div class=\"fusion-column-wrapper fusion-flex-column-wrapper-legacy fusion-column-has-bg-image\" data-bg-url=\"https:\/\/www.lincoln.com.pa\/wp-content\/uploads\/2019\/01\/trama-lincoln.png\"><div class=\"fusion-text fusion-text-6\"><h1 class=\"text-padding\" style=\"font-family: 'Proxima Nova'; font-size: 1.5rem; text-align: center; color: white;\"><strong>TU SATISFACCI\u00d3N ES NUESTRO PRINCIPAL OBJETIVO<\/strong><\/h1>\n<\/div><div class=\"fusion-clearfix\"><\/div><\/div><\/div><\/div><\/div><\/p>\n","protected":false},"excerpt":{"rendered":"","protected":false},"author":1,"featured_media":0,"parent":0,"menu_order":0,"comment_status":"closed","ping_status":"closed","template":"100-width.php","meta":{"_joinchat":[],"footnotes":""},"class_list":["post-20","page","type-page","status-publish","hentry"],"yoast_head":"<!-- This site is optimized with the Yoast SEO plugin v25.6 - https:\/\/yoast.com\/wordpress\/plugins\/seo\/ -->\n<title>Contacto - Lincoln Panam\u00e1<\/title>\n<meta name=\"robots\" content=\"index, follow, max-snippet:-1, max-image-preview:large, max-video-preview:-1\" \/>\n<link rel=\"canonical\" href=\"https:\/\/cincuentenario.com\/lincoln\/contacto\/\" \/>\n<meta property=\"og:locale\" content=\"es_ES\" \/>\n<meta property=\"og:type\" content=\"article\" \/>\n<meta property=\"og:title\" content=\"Contacto - Lincoln Panam\u00e1\" \/>\n<meta property=\"og:url\" content=\"https:\/\/cincuentenario.com\/lincoln\/contacto\/\" \/>\n<meta property=\"og:site_name\" content=\"Lincoln Panam\u00e1\" \/>\n<meta property=\"article:modified_time\" content=\"2025-01-15T20:03:56+00:00\" \/>\n<meta name=\"twitter:card\" content=\"summary_large_image\" \/>\n<meta name=\"twitter:label1\" content=\"Tiempo de lectura\" \/>\n\t<meta name=\"twitter:data1\" content=\"1 minuto\" \/>\n<script type=\"application\/ld+json\" class=\"yoast-schema-graph\">{\"@context\":\"https:\/\/schema.org\",\"@graph\":[{\"@type\":\"WebPage\",\"@id\":\"https:\/\/cincuentenario.com\/lincoln\/contacto\/\",\"url\":\"https:\/\/cincuentenario.com\/lincoln\/contacto\/\",\"name\":\"Contacto - Lincoln Panam\u00e1\",\"isPartOf\":{\"@id\":\"https:\/\/cincuentenario.com\/lincoln\/#website\"},\"datePublished\":\"2018-07-05T16:09:22+00:00\",\"dateModified\":\"2025-01-15T20:03:56+00:00\",\"breadcrumb\":{\"@id\":\"https:\/\/cincuentenario.com\/lincoln\/contacto\/#breadcrumb\"},\"inLanguage\":\"es\",\"potentialAction\":[{\"@type\":\"ReadAction\",\"target\":[\"https:\/\/cincuentenario.com\/lincoln\/contacto\/\"]}]},{\"@type\":\"BreadcrumbList\",\"@id\":\"https:\/\/cincuentenario.com\/lincoln\/contacto\/#breadcrumb\",\"itemListElement\":[{\"@type\":\"ListItem\",\"position\":1,\"name\":\"Home\",\"item\":\"https:\/\/cincuentenario.com\/lincoln\/\"},{\"@type\":\"ListItem\",\"position\":2,\"name\":\"Contacto\"}]},{\"@type\":\"WebSite\",\"@id\":\"https:\/\/cincuentenario.com\/lincoln\/#website\",\"url\":\"https:\/\/cincuentenario.com\/lincoln\/\",\"name\":\"Lincoln Panam\u00e1\",\"description\":\"Autos de Lujo en Panam\u00e1\",\"publisher\":{\"@id\":\"https:\/\/cincuentenario.com\/lincoln\/#organization\"},\"potentialAction\":[{\"@type\":\"SearchAction\",\"target\":{\"@type\":\"EntryPoint\",\"urlTemplate\":\"https:\/\/cincuentenario.com\/lincoln\/?s={search_term_string}\"},\"query-input\":{\"@type\":\"PropertyValueSpecification\",\"valueRequired\":true,\"valueName\":\"search_term_string\"}}],\"inLanguage\":\"es\"},{\"@type\":\"Organization\",\"@id\":\"https:\/\/cincuentenario.com\/lincoln\/#organization\",\"name\":\"Lincoln Panam\u00e1\",\"url\":\"https:\/\/cincuentenario.com\/lincoln\/\",\"logo\":{\"@type\":\"ImageObject\",\"inLanguage\":\"es\",\"@id\":\"https:\/\/cincuentenario.com\/lincoln\/#\/schema\/logo\/image\/\",\"url\":\"https:\/\/cincuentenario.com\/lincoln\/wp-content\/uploads\/sites\/3\/2019\/10\/Logo-Header.png\",\"contentUrl\":\"https:\/\/cincuentenario.com\/lincoln\/wp-content\/uploads\/sites\/3\/2019\/10\/Logo-Header.png\",\"width\":400,\"height\":80,\"caption\":\"Lincoln Panam\u00e1\"},\"image\":{\"@id\":\"https:\/\/cincuentenario.com\/lincoln\/#\/schema\/logo\/image\/\"}}]}<\/script>\n<!-- \/ Yoast SEO plugin. -->","yoast_head_json":{"title":"Contacto - Lincoln Panam\u00e1","robots":{"index":"index","follow":"follow","max-snippet":"max-snippet:-1","max-image-preview":"max-image-preview:large","max-video-preview":"max-video-preview:-1"},"canonical":"https:\/\/cincuentenario.com\/lincoln\/contacto\/","og_locale":"es_ES","og_type":"article","og_title":"Contacto - Lincoln Panam\u00e1","og_url":"https:\/\/cincuentenario.com\/lincoln\/contacto\/","og_site_name":"Lincoln Panam\u00e1","article_modified_time":"2025-01-15T20:03:56+00:00","twitter_card":"summary_large_image","twitter_misc":{"Tiempo de lectura":"1 minuto"},"schema":{"@context":"https:\/\/schema.org","@graph":[{"@type":"WebPage","@id":"https:\/\/cincuentenario.com\/lincoln\/contacto\/","url":"https:\/\/cincuentenario.com\/lincoln\/contacto\/","name":"Contacto - Lincoln Panam\u00e1","isPartOf":{"@id":"https:\/\/cincuentenario.com\/lincoln\/#website"},"datePublished":"2018-07-05T16:09:22+00:00","dateModified":"2025-01-15T20:03:56+00:00","breadcrumb":{"@id":"https:\/\/cincuentenario.com\/lincoln\/contacto\/#breadcrumb"},"inLanguage":"es","potentialAction":[{"@type":"ReadAction","target":["https:\/\/cincuentenario.com\/lincoln\/contacto\/"]}]},{"@type":"BreadcrumbList","@id":"https:\/\/cincuentenario.com\/lincoln\/contacto\/#breadcrumb","itemListElement":[{"@type":"ListItem","position":1,"name":"Home","item":"https:\/\/cincuentenario.com\/lincoln\/"},{"@type":"ListItem","position":2,"name":"Contacto"}]},{"@type":"WebSite","@id":"https:\/\/cincuentenario.com\/lincoln\/#website","url":"https:\/\/cincuentenario.com\/lincoln\/","name":"Lincoln Panam\u00e1","description":"Autos de Lujo en Panam\u00e1","publisher":{"@id":"https:\/\/cincuentenario.com\/lincoln\/#organization"},"potentialAction":[{"@type":"SearchAction","target":{"@type":"EntryPoint","urlTemplate":"https:\/\/cincuentenario.com\/lincoln\/?s={search_term_string}"},"query-input":{"@type":"PropertyValueSpecification","valueRequired":true,"valueName":"search_term_string"}}],"inLanguage":"es"},{"@type":"Organization","@id":"https:\/\/cincuentenario.com\/lincoln\/#organization","name":"Lincoln Panam\u00e1","url":"https:\/\/cincuentenario.com\/lincoln\/","logo":{"@type":"ImageObject","inLanguage":"es","@id":"https:\/\/cincuentenario.com\/lincoln\/#\/schema\/logo\/image\/","url":"https:\/\/cincuentenario.com\/lincoln\/wp-content\/uploads\/sites\/3\/2019\/10\/Logo-Header.png","contentUrl":"https:\/\/cincuentenario.com\/lincoln\/wp-content\/uploads\/sites\/3\/2019\/10\/Logo-Header.png","width":400,"height":80,"caption":"Lincoln Panam\u00e1"},"image":{"@id":"https:\/\/cincuentenario.com\/lincoln\/#\/schema\/logo\/image\/"}}]}},"_links":{"self":[{"href":"https:\/\/cincuentenario.com\/lincoln\/wp-json\/wp\/v2\/pages\/20","targetHints":{"allow":["GET"]}}],"collection":[{"href":"https:\/\/cincuentenario.com\/lincoln\/wp-json\/wp\/v2\/pages"}],"about":[{"href":"https:\/\/cincuentenario.com\/lincoln\/wp-json\/wp\/v2\/types\/page"}],"author":[{"embeddable":true,"href":"https:\/\/cincuentenario.com\/lincoln\/wp-json\/wp\/v2\/users\/1"}],"replies":[{"embeddable":true,"href":"https:\/\/cincuentenario.com\/lincoln\/wp-json\/wp\/v2\/comments?post=20"}],"version-history":[{"count":0,"href":"https:\/\/cincuentenario.com\/lincoln\/wp-json\/wp\/v2\/pages\/20\/revisions"}],"wp:attachment":[{"href":"https:\/\/cincuentenario.com\/lincoln\/wp-json\/wp\/v2\/media?parent=20"}],"curies":[{"name":"wp","href":"https:\/\/api.w.org\/{rel}","templated":true}]}}